{"id":78,"date":"2018-05-20T12:14:34","date_gmt":"2018-05-20T06:14:34","guid":{"rendered":"http:\/\/localhost\/bluishost\/?page_id=78"},"modified":"2025-10-20T18:09:19","modified_gmt":"2025-10-20T18:09:19","slug":"streaming","status":"publish","type":"page","link":"https:\/\/cloud.infonet.com.br\/index.php\/streaming\/","title":{"rendered":"Streaming"},"content":{"rendered":"<div class=\"wpb-content-wrapper\"><p>[vc_row][vc_column][vc_column_text]O streaming da Infonet permite que voc\u00ea transmita dados de \u00e1udio e v\u00eddeo em tempo real. Atrav\u00e9s da nossa solu\u00e7\u00e3o, voc\u00ea consegue transmitir eventos, criar r\u00e1dios e TV virtuais, e realizar qualquer outro tipo de transmiss\u00e3o atrav\u00e9s da internet.[\/vc_column_text][\/vc_column][\/vc_row][vc_row][vc_column][vc_row_inner content_placement=&#8221;bottom&#8221;][vc_column_inner width=&#8221;1\/3&#8243;][vc_single_image image=&#8221;1817&#8243; alignment=&#8221;right&#8221; onclick=&#8221;custom_link&#8221; img_link_target=&#8221;_blank&#8221; css=&#8221;&#8221; link=&#8221;https:\/\/wa.me\/5579998225572&#8243;][\/vc_column_inner][vc_column_inner width=&#8221;1\/3&#8243;][vc_raw_html css=&#8221;&#8221;]JTNDYSUyMGhyZWYlM0QlMjJodHRwcyUzQSUyRiUyRndhLm1lJTJGNTU3OTk5OTg1MzE0NSUzRnRleHQlM0RPbCUyNUMzJTI1QTElMjElMjUyMFF1ZXJvJTI1MjBjb25oZWNlciUyNTIwb3MlMjUyMHBsYW5vcyUyNTIwZGUlMjBTdHJlYW1pbmclMjUyMGRhJTI1MjBJbmZvbmV0LiUyMiUyMHRhcmdldCUzRCUyMl9ibGFuayUyMiUzRUZhbGUlMjBDb25vc2NvJTIwZSUyMGZhJUMzJUE3YSUyMHNldSUyMG9yJUMzJUE3YW1lbnRvJTIwdmlhJTIwV2hhdHNBcHAlMjAlM0MlMkZhJTNF[\/vc_raw_html][\/vc_column_inner][vc_column_inner width=&#8221;1\/3&#8243;][\/vc_column_inner][\/vc_row_inner][\/vc_column][\/vc_row]<\/p>\n<\/div>","protected":false},"excerpt":{"rendered":"<p>[vc_row][vc_column][vc_column_text]O streaming da Infonet permite que voc\u00ea transmita dados de \u00e1udio e v\u00eddeo em tempo real. Atrav\u00e9s da nossa solu\u00e7\u00e3o, voc\u00ea consegue transmitir eventos, criar r\u00e1dios e TV virtuais, e realizar qualquer outro tipo de transmiss\u00e3o atrav\u00e9s da internet.[\/vc_column_text][\/vc_column][\/vc_row][vc_row][vc_column][vc_row_inner content_placement=&#8221;bottom&#8221;][vc_column_inner width=&#8221;1\/3&#8243;][vc_single_image image=&#8221;1817&#8243; alignment=&#8221;right&#8221; onclick=&#8221;custom_link&#8221; img_link_target=&#8221;_blank&#8221; css=&#8221;&#8221; link=&#8221;https:\/\/wa.me\/5579998225572&#8243;][\/vc_column_inner][vc_column_inner width=&#8221;1\/3&#8243;][vc_raw_html css=&#8221;&#8221;]JTNDYSUyMGhyZWYlM0QlMjJodHRwcyUzQSUyRiUyRndhLm1lJTJGNTU3OTk5OTg1MzE0NSUzRnRleHQlM0RPbCUyNUMzJTI1QTElMjElMjUyMFF1ZXJvJTI1MjBjb25oZWNlciUyNTIwb3MlMjUyMHBsYW5vcyUyNTIwZGUlMjBTdHJlYW1pbmclMjUyMGRhJTI1MjBJbmZvbmV0LiUyMiUyMHRhcmdldCUzRCUyMl9ibGFuayUyMiUzRUZhbGUlMjBDb25vc2NvJTIwZSUyMGZhJUMzJUE3YSUyMHNldSUyMG9yJUMzJUE3YW1lbnRvJTIwdmlhJTIwV2hhdHNBcHAlMjAlM0MlMkZhJTNF[\/vc_raw_html][\/vc_column_inner][vc_column_inner width=&#8221;1\/3&#8243;][\/vc_column_inner][\/vc_row_inner][\/vc_column][\/vc_row]<\/p>\n","protected":false},"author":2,"featured_media":0,"parent":0,"menu_order":0,"comment_status":"closed","ping_status":"closed","template":"","meta":{"_monsterinsights_skip_tracking":false,"_monsterinsights_sitenote_active":false,"_monsterinsights_sitenote_note":"","_monsterinsights_sitenote_category":0,"footnotes":""},"class_list":["post-78","page","type-page","status-publish","hentry"],"aioseo_notices":[],"_links":{"self":[{"href":"https:\/\/cloud.infonet.com.br\/index.php\/wp-json\/wp\/v2\/pages\/78","targetHints":{"allow":["GET"]}}],"collection":[{"href":"https:\/\/cloud.infonet.com.br\/index.php\/wp-json\/wp\/v2\/pages"}],"about":[{"href":"https:\/\/cloud.infonet.com.br\/index.php\/wp-json\/wp\/v2\/types\/page"}],"author":[{"embeddable":true,"href":"https:\/\/cloud.infonet.com.br\/index.php\/wp-json\/wp\/v2\/users\/2"}],"replies":[{"embeddable":true,"href":"https:\/\/cloud.infonet.com.br\/index.php\/wp-json\/wp\/v2\/comments?post=78"}],"version-history":[{"count":12,"href":"https:\/\/cloud.infonet.com.br\/index.php\/wp-json\/wp\/v2\/pages\/78\/revisions"}],"predecessor-version":[{"id":1873,"href":"https:\/\/cloud.infonet.com.br\/index.php\/wp-json\/wp\/v2\/pages\/78\/revisions\/1873"}],"wp:attachment":[{"href":"https:\/\/cloud.infonet.com.br\/index.php\/wp-json\/wp\/v2\/media?parent=78"}],"curies":[{"name":"wp","href":"https:\/\/api.w.org\/{rel}","templated":true}]}}