{"id":1613,"date":"2021-07-26T19:30:22","date_gmt":"2021-07-26T19:30:22","guid":{"rendered":"https:\/\/hospedagem.infonet.com.br\/?page_id=1613"},"modified":"2025-10-20T18:13:29","modified_gmt":"2025-10-20T18:13:29","slug":"cloud-storage","status":"publish","type":"page","link":"https:\/\/cloud.infonet.com.br\/index.php\/cloud-storage\/","title":{"rendered":"Cloud Storage"},"content":{"rendered":"<div class=\"wpb-content-wrapper\"><p>[vc_row][vc_column][vc_column_text css=&#8221;&#8221;]O Cloud Storage da Infonet \u00e9 a solu\u00e7\u00e3o ideal para guardar dados em nuvem. Armazene arquivos, backups e qualquer outro tipo de conte\u00fado em seguran\u00e7a e com alta disponibilidade utilizando o ambiente em nuvem da Infonet.[\/vc_column_text][\/vc_column][\/vc_row][vc_row][vc_column][vc_row_inner content_placement=&#8221;bottom&#8221;][vc_column_inner width=&#8221;1\/3&#8243;][vc_single_image image=&#8221;1817&#8243; alignment=&#8221;right&#8221; onclick=&#8221;custom_link&#8221; img_link_target=&#8221;_blank&#8221; css=&#8221;&#8221; link=&#8221;https:\/\/wa.me\/5579998225572&#8243;][\/vc_column_inner][vc_column_inner width=&#8221;1\/3&#8243;][vc_raw_html css=&#8221;&#8221;]JTNDYSUyMGhyZWYlM0QlMjJodHRwcyUzQSUyRiUyRndhLm1lJTJGNTU3OTk5OTg1MzE0NSUzRnRleHQlM0RPbCVDMyVBMSUyQyUyNTIwZ29zdGFyaWElMjUyMGRlJTI1MjBtYWlzJTI1MjBpbmZvcm1hJUMzJUE3JUMzJUI1ZXMlMjElMjIlMjB0YXJnZXQlM0QlMjJfYmxhbmslMjIlM0VGYWxlJTIwQ29ub3NjbyUyMGUlMjBmYSVDMyVBN2ElMjBzZXUlMjBvciVDMyVBN2FtZW50byUyMHZpYSUyMFdoYXRzQXBwJTIwJTNDJTJGYSUzRQ==[\/vc_raw_html][\/vc_column_inner][vc_column_inner width=&#8221;1\/3&#8243;][\/vc_column_inner][\/vc_row_inner][\/vc_column][\/vc_row]<\/p>\n<\/div>","protected":false},"excerpt":{"rendered":"<p>[vc_row][vc_column][vc_column_text css=&#8221;&#8221;]O Cloud Storage da Infonet \u00e9 a solu\u00e7\u00e3o ideal para guardar dados em nuvem. Armazene arquivos, backups e qualquer outro tipo de conte\u00fado em seguran\u00e7a e com alta disponibilidade utilizando o ambiente em nuvem da Infonet.[\/vc_column_text][\/vc_column][\/vc_row][vc_row][vc_column][vc_row_inner content_placement=&#8221;bottom&#8221;][vc_column_inner width=&#8221;1\/3&#8243;][vc_single_image image=&#8221;1817&#8243; alignment=&#8221;right&#8221; onclick=&#8221;custom_link&#8221; img_link_target=&#8221;_blank&#8221; css=&#8221;&#8221; link=&#8221;https:\/\/wa.me\/5579998225572&#8243;][\/vc_column_inner][vc_column_inner width=&#8221;1\/3&#8243;][vc_raw_html css=&#8221;&#8221;]JTNDYSUyMGhyZWYlM0QlMjJodHRwcyUzQSUyRiUyRndhLm1lJTJGNTU3OTk5OTg1MzE0NSUzRnRleHQlM0RPbCVDMyVBMSUyQyUyNTIwZ29zdGFyaWElMjUyMGRlJTI1MjBtYWlzJTI1MjBpbmZvcm1hJUMzJUE3JUMzJUI1ZXMlMjElMjIlMjB0YXJnZXQlM0QlMjJfYmxhbmslMjIlM0VGYWxlJTIwQ29ub3NjbyUyMGUlMjBmYSVDMyVBN2ElMjBzZXUlMjBvciVDMyVBN2FtZW50byUyMHZpYSUyMFdoYXRzQXBwJTIwJTNDJTJGYSUzRQ==[\/vc_raw_html][\/vc_column_inner][vc_column_inner width=&#8221;1\/3&#8243;][\/vc_column_inner][\/vc_row_inner][\/vc_column][\/vc_row]<\/p>\n","protected":false},"author":2,"featured_media":0,"parent":0,"menu_order":0,"comment_status":"closed","ping_status":"closed","template":"","meta":{"_monsterinsights_skip_tracking":false,"_monsterinsights_sitenote_active":false,"_monsterinsights_sitenote_note":"","_monsterinsights_sitenote_category":0,"footnotes":""},"class_list":["post-1613","page","type-page","status-publish","hentry"],"aioseo_notices":[],"_links":{"self":[{"href":"https:\/\/cloud.infonet.com.br\/index.php\/wp-json\/wp\/v2\/pages\/1613","targetHints":{"allow":["GET"]}}],"collection":[{"href":"https:\/\/cloud.infonet.com.br\/index.php\/wp-json\/wp\/v2\/pages"}],"about":[{"href":"https:\/\/cloud.infonet.com.br\/index.php\/wp-json\/wp\/v2\/types\/page"}],"author":[{"embeddable":true,"href":"https:\/\/cloud.infonet.com.br\/index.php\/wp-json\/wp\/v2\/users\/2"}],"replies":[{"embeddable":true,"href":"https:\/\/cloud.infonet.com.br\/index.php\/wp-json\/wp\/v2\/comments?post=1613"}],"version-history":[{"count":10,"href":"https:\/\/cloud.infonet.com.br\/index.php\/wp-json\/wp\/v2\/pages\/1613\/revisions"}],"predecessor-version":[{"id":1875,"href":"https:\/\/cloud.infonet.com.br\/index.php\/wp-json\/wp\/v2\/pages\/1613\/revisions\/1875"}],"wp:attachment":[{"href":"https:\/\/cloud.infonet.com.br\/index.php\/wp-json\/wp\/v2\/media?parent=1613"}],"curies":[{"name":"wp","href":"https:\/\/api.w.org\/{rel}","templated":true}]}}