{"id":14,"date":"2018-05-07T06:50:58","date_gmt":"2018-05-07T06:50:58","guid":{"rendered":"http:\/\/localhost\/bluishost\/?page_id=14"},"modified":"2026-04-09T13:18:27","modified_gmt":"2026-04-09T13:18:27","slug":"cloudserver","status":"publish","type":"page","link":"https:\/\/cloud.infonet.com.br\/index.php\/cloudserver\/","title":{"rendered":"Cloud Server"},"content":{"rendered":"<div class=\"wpb-content-wrapper\"><p>[vc_row][vc_column]        <div id=\"bluishost-section69e10ab97a1cd-2379\" class=\"bluishost--section  pt-175 pb-175 vc_custom_1530164923315\">\n            <div class=\"container\">\n\t\t\t[vc_column_text]<\/p>\n<div class=\"about-us-title text-left\">Os Cloud Servers s\u00e3o servidores virtuais configurados sob medida para a sua empresa. Com a solu\u00e7\u00e3o da Infonet, voc\u00ea poder\u00e1 hospedar suas aplica\u00e7\u00f5es em um ambiente totalmente escal\u00e1vel, com garantia de desempenho m\u00e1ximo, recursos dedicado e suporte local 24\/7.<\/div>\n<p>[\/vc_column_text][vc_row_inner][vc_column_inner width=&#8221;1\/4&#8243;]\t\t\t<!-- Pricing Item Start -->\n\t\t\t\t\t<div id=\"bstable69e10ab97a31f-5868\" class=\"single_pricing_table--4 text-center  vc_custom_1775740645885\" data-animate=\"fadeInUp\" data-delay=\".1\">\n\t\t\t\t\n\t\t\t\t<div class=\"pt_header\">\n\t\t\t\t\t<h2>B\u00e1sico<\/h2><p>Pre\u00e7o sob consulta<\/p>\t\t\t\t<\/div>\n\n\t\t\t\t<div class=\"pt_body\">\n                    <div class=\"pt-icon\"><img decoding=\"async\" src=\"https:\/\/cloud.infonet.com.br\/wp-content\/uploads\/2019\/04\/price_1.svg\" alt=\"price_1\" class=\"svg\" \/><\/div>                    <div class=\"pt_feature karla\">\n\t\t\t\t\t\t<ul class=\"list-unstyled mb-0\"><li> 50 GB de HD<\/li><li>2 GB de RAM<\/li><li>1 vCPU<\/li><li>Tr\u00e1fego ilimitado<\/li><\/ul>\t\t\t\t\t<\/div>\n\t\t\t\t\t<div class=\"pt_price\">\n\t\t\t\t\t\t\t\t\t\t\t<\/div>\n\t\t\t\t<\/div>\n\t\t\t\t<div class=\"pt_footer\">\n\t\t\t\t\t<a href=\"https:\/\/wa.me\/5579999853145\" class=\"btn btn-gradient\">Consultar<\/a>\t\t\t\t<\/div>\n\t\t\t<\/div>\n\t\t[\/vc_column_inner][vc_column_inner width=&#8221;1\/4&#8243;]\t\t\t<!-- Pricing Item Start -->\n\t\t\t\t\t<div id=\"bstable69e10ab97a841-5508\" class=\"single_pricing_table--4 text-center  vc_custom_1775740654340\" data-animate=\"fadeInUp\" data-delay=\".1\">\n\t\t\t\t\n\t\t\t\t<div class=\"pt_header\">\n\t\t\t\t\t<h2>Pro<\/h2><p>Pre\u00e7o sob consulta<\/p>\t\t\t\t<\/div>\n\n\t\t\t\t<div class=\"pt_body\">\n                    <div class=\"pt-icon\"><img decoding=\"async\" src=\"https:\/\/cloud.infonet.com.br\/wp-content\/uploads\/2019\/04\/price_2.svg\" alt=\"price_2\" class=\"svg\" \/><\/div>                    <div class=\"pt_feature karla\">\n\t\t\t\t\t\t<ul class=\"list-unstyled mb-0\"><li>100 GB de HD<\/li><li>2 GB de RAM<\/li><li>2 vCPU<\/li><li>Tr\u00e1fego ilimitado<\/li><\/ul>\t\t\t\t\t<\/div>\n\t\t\t\t\t<div class=\"pt_price\">\n\t\t\t\t\t\t\t\t\t\t\t<\/div>\n\t\t\t\t<\/div>\n\t\t\t\t<div class=\"pt_footer\">\n\t\t\t\t\t<a href=\"https:\/\/wa.me\/5579999853145\" class=\"btn btn-gradient\">Consultar<\/a>\t\t\t\t<\/div>\n\t\t\t<\/div>\n\t\t[\/vc_column_inner][vc_column_inner width=&#8221;1\/4&#8243;]\t\t\t<!-- Pricing Item Start -->\n\t\t\t\t\t<div id=\"bstable69e10ab97ab5e-5397\" class=\"single_pricing_table--4 text-center  vc_custom_1775740661568\" data-animate=\"fadeInUp\" data-delay=\".1\">\n\t\t\t\t\n\t\t\t\t<div class=\"pt_header\">\n\t\t\t\t\t<h2>Premium<\/h2><p>Pre\u00e7o sob consulta<\/p>\t\t\t\t<\/div>\n\n\t\t\t\t<div class=\"pt_body\">\n                    <div class=\"pt-icon\"><img decoding=\"async\" src=\"https:\/\/cloud.infonet.com.br\/wp-content\/uploads\/2019\/04\/price_3.svg\" alt=\"price_3\" class=\"svg\" \/><\/div>                    <div class=\"pt_feature karla\">\n\t\t\t\t\t\t<ul class=\"list-unstyled mb-0\"><li>200 GB de HD<\/li><li>8 GB de RAM<\/li><li>4 vCPU<\/li><li>Tr\u00e1fego ilimitado<\/li><\/ul>\t\t\t\t\t<\/div>\n\t\t\t\t\t<div class=\"pt_price\">\n\t\t\t\t\t\t\t\t\t\t\t<\/div>\n\t\t\t\t<\/div>\n\t\t\t\t<div class=\"pt_footer\">\n\t\t\t\t\t<a href=\"https:\/\/wa.me\/5579999853145\" class=\"btn btn-gradient\">Consultar<\/a>\t\t\t\t<\/div>\n\t\t\t<\/div>\n\t\t[\/vc_column_inner][vc_column_inner width=&#8221;1\/4&#8243;]\t\t\t<!-- Pricing Item Start -->\n\t\t\t\t\t<div id=\"bstable69e10ab97ae44-5175\" class=\"single_pricing_table--4 text-center  vc_custom_1775740669449\" data-animate=\"fadeInUp\" data-delay=\".1\">\n\t\t\t\t\n\t\t\t\t<div class=\"pt_header\">\n\t\t\t\t\t<h2>Personalizado<\/h2><p>Pre\u00e7o sob consulta<\/p>\t\t\t\t<\/div>\n\n\t\t\t\t<div class=\"pt_body\">\n                    <div class=\"pt-icon\"><img decoding=\"async\" src=\"https:\/\/cloud.infonet.com.br\/wp-content\/uploads\/2019\/04\/service_2.svg\" alt=\"service_2\" class=\"svg\" \/><\/div>                    <div class=\"pt_feature karla\">\n\t\t\t\t\t\t<ul class=\"list-unstyled mb-0\"><li>At\u00e9 2TB Disco<\/li><li>At\u00e9 32GB RAM<\/li><li>At\u00e9 18 vCPUs<\/li><li>Tr\u00e1fego ilimitado<\/li><\/ul>\t\t\t\t\t<\/div>\n\t\t\t\t\t<div class=\"pt_price\">\n\t\t\t\t\t\t\t\t\t\t\t<\/div>\n\t\t\t\t<\/div>\n\t\t\t\t<div class=\"pt_footer\">\n\t\t\t\t\t<a href=\"https:\/\/wa.me\/5579999853145\" class=\"btn btn-gradient\">Consultar<\/a>\t\t\t\t<\/div>\n\t\t\t<\/div>\n\t\t[\/vc_column_inner][\/vc_row_inner]<div id=\"heading69e10ab97b11c\" class=\" mb--68 \"><div class=\"justify-contentcenter\"><div class=\"section-title text-center\"><h2 data-animate=\"fadeInUp\" data-delay=\".1\">Principais Recursos<\/h2><p data-animate=\"fadeInUp\" data-delay=\".2\">Existem muitas varia\u00e7\u00f5es de passagens de Lorem Ipsum dispon\u00edveis, mas a maioria sofreu altera\u00e7\u00e3o de alguma forma, por humor injetado.<\/p><\/div><\/div><\/div>[vc_row_inner][vc_column_inner width=&#8221;1\/4&#8243;]\t\t<div id=\"feature69e10ab97b171-2920\" class=\"feature-items\">\n\n\t\t\t\n\t\t\t\t<div class=\"single-feature \" data-animate=\"fadeInUp\" data-delay=\".1\">\n\t\t\t\t\t<img decoding=\"async\" src=\"https:\/\/cloud.infonet.com.br\/wp-content\/uploads\/2018\/10\/high-sm-1.svg\" alt=\"high sm 1\" class=\"svg\" \/><div class=\"feature--content\"><h3 >Alta Perfomance<\/h3><\/div>\t\t\t\t<\/div>\n\n\t\t\t\t\t<\/div>\n\t\t<script type=\"text\/javascript\">( function($){\r\n\t\t\t\t$(\"head\").append( \"<style>#feature69e10ab97b171-2920.blhostfeatures .single-feature-item.feature-style--3 i{font-size:30px;}<\/style>\" );\r\n\t\t\t})(jQuery);<\/script>[\/vc_column_inner][vc_column_inner width=&#8221;1\/4&#8243;]\t\t<div id=\"feature69e10ab97b40f-9154\" class=\"feature-items\">\n\n\t\t\t\n\t\t\t\t<div class=\"single-feature \" data-animate=\"fadeInUp\" data-delay=\".1\">\n\t\t\t\t\t<img decoding=\"async\" src=\"https:\/\/cloud.infonet.com.br\/wp-content\/uploads\/2018\/10\/security-sm-1.svg\" alt=\"security sm 1\" class=\"svg\" \/><div class=\"feature--content\"><h3 >Mais Seguran\u00e7a<\/h3><\/div>\t\t\t\t<\/div>\n\n\t\t\t\t\t<\/div>\n\t\t<script type=\"text\/javascript\">( function($){\r\n\t\t\t\t$(\"head\").append( \"<style>#feature69e10ab97b40f-9154.blhostfeatures .single-feature-item.feature-style--3 i{font-size:30px;}<\/style>\" );\r\n\t\t\t})(jQuery);<\/script>[\/vc_column_inner][vc_column_inner width=&#8221;1\/4&#8243;]\t\t<div id=\"feature69e10ab97b703-7832\" class=\"feature-items\">\n\n\t\t\t\n\t\t\t\t<div class=\"single-feature \" data-animate=\"fadeInUp\" data-delay=\".1\">\n\t\t\t\t\t<img decoding=\"async\" src=\"https:\/\/cloud.infonet.com.br\/wp-content\/uploads\/2018\/10\/guard-sm-1.svg\" alt=\"guard sm 1\" class=\"svg\" \/><div class=\"feature--content\"><h3 >Anti-Spam<\/h3><\/div>\t\t\t\t<\/div>\n\n\t\t\t\t\t<\/div>\n\t\t<script type=\"text\/javascript\">( function($){\r\n\t\t\t\t$(\"head\").append( \"<style>#feature69e10ab97b703-7832.blhostfeatures .single-feature-item.feature-style--3 i{font-size:30px;}<\/style>\" );\r\n\t\t\t})(jQuery);<\/script>[\/vc_column_inner][vc_column_inner width=&#8221;1\/4&#8243;]\t\t<div id=\"feature69e10ab97b98d-935\" class=\"feature-items\">\n\n\t\t\t\n\t\t\t\t<div class=\"single-feature \" data-animate=\"fadeInUp\" data-delay=\".1\">\n\t\t\t\t\t<img decoding=\"async\" src=\"https:\/\/cloud.infonet.com.br\/wp-content\/uploads\/2018\/10\/support-sm-1.svg\" alt=\"support sm 1\" class=\"svg\" \/><div class=\"feature--content\"><h3 >Suporte Imbat\u00edvel<\/h3><\/div>\t\t\t\t<\/div>\n\n\t\t\t\t\t<\/div>\n\t\t<script type=\"text\/javascript\">( function($){\r\n\t\t\t\t$(\"head\").append( \"<style>#feature69e10ab97b98d-935.blhostfeatures .single-feature-item.feature-style--3 i{font-size:30px;}<\/style>\" );\r\n\t\t\t})(jQuery);<\/script>[\/vc_column_inner][\/vc_row_inner][vc_row_inner][vc_column_inner width=&#8221;1\/4&#8243;]\t\t<div id=\"feature69e10ab97bc43-4656\" class=\"feature-items\">\n\n\t\t\t\n\t\t\t\t<div class=\"single-feature \" data-animate=\"fadeInUp\" data-delay=\".1\">\n\t\t\t\t\t<img decoding=\"async\" src=\"https:\/\/cloud.infonet.com.br\/wp-content\/uploads\/2018\/10\/managed-1.svg\" alt=\"managed 1\" class=\"svg\" \/><div class=\"feature--content\"><h3 >Totalmente Gerenciado<\/h3><\/div>\t\t\t\t<\/div>\n\n\t\t\t\t\t<\/div>\n\t\t<script type=\"text\/javascript\">( function($){\r\n\t\t\t\t$(\"head\").append( \"<style>#feature69e10ab97bc43-4656.blhostfeatures .single-feature-item.feature-style--3 i{font-size:30px;}<\/style>\" );\r\n\t\t\t})(jQuery);<\/script>[\/vc_column_inner][vc_column_inner width=&#8221;1\/4&#8243;]\t\t<div id=\"feature69e10ab97bf08-1363\" class=\"feature-items\">\n\n\t\t\t\n\t\t\t\t<div class=\"single-feature \" data-animate=\"fadeInUp\" data-delay=\".1\">\n\t\t\t\t\t<img decoding=\"async\" src=\"https:\/\/cloud.infonet.com.br\/wp-content\/uploads\/2018\/10\/monitoring-1.svg\" alt=\"monitoring 1\" class=\"svg\" \/><div class=\"feature--content\"><h3 >Monitoramento 24hs<\/h3><\/div>\t\t\t\t<\/div>\n\n\t\t\t\t\t<\/div>\n\t\t<script type=\"text\/javascript\">( function($){\r\n\t\t\t\t$(\"head\").append( \"<style>#feature69e10ab97bf08-1363.blhostfeatures .single-feature-item.feature-style--3 i{font-size:30px;}<\/style>\" );\r\n\t\t\t})(jQuery);<\/script>[\/vc_column_inner][vc_column_inner width=&#8221;1\/4&#8243;]\t\t<div id=\"feature69e10ab97c1cc-6435\" class=\"feature-items\">\n\n\t\t\t\n\t\t\t\t<div class=\"single-feature \" data-animate=\"fadeInUp\" data-delay=\".1\">\n\t\t\t\t\t<img decoding=\"async\" src=\"https:\/\/cloud.infonet.com.br\/wp-content\/uploads\/2018\/10\/up-time-1.svg\" alt=\"up time 1\" class=\"svg\" \/><div class=\"feature--content\"><h3 >100% de Tempo de Atividade<\/h3><\/div>\t\t\t\t<\/div>\n\n\t\t\t\t\t<\/div>\n\t\t<script type=\"text\/javascript\">( function($){\r\n\t\t\t\t$(\"head\").append( \"<style>#feature69e10ab97c1cc-6435.blhostfeatures .single-feature-item.feature-style--3 i{font-size:30px;}<\/style>\" );\r\n\t\t\t})(jQuery);<\/script>[\/vc_column_inner][vc_column_inner width=&#8221;1\/4&#8243;]\t\t<div id=\"feature69e10ab97c472-3944\" class=\"feature-items\">\n\n\t\t\t\n\t\t\t\t<div class=\"single-feature \" data-animate=\"fadeInUp\" data-delay=\".1\">\n\t\t\t\t\t<img decoding=\"async\" src=\"https:\/\/cloud.infonet.com.br\/wp-content\/uploads\/2018\/10\/customized-1.svg\" alt=\"customized 1\" class=\"svg\" \/><div class=\"feature--content\"><h3 >Escal\u00e1vel e Personalizado<\/h3><\/div>\t\t\t\t<\/div>\n\n\t\t\t\t\t<\/div>\n\t\t<script type=\"text\/javascript\">( function($){\r\n\t\t\t\t$(\"head\").append( \"<style>#feature69e10ab97c472-3944.blhostfeatures .single-feature-item.feature-style--3 i{font-size:30px;}<\/style>\" );\r\n\t\t\t})(jQuery);<\/script>[\/vc_column_inner][\/vc_row_inner][vc_row_inner content_placement=&#8221;bottom&#8221;][vc_column_inner width=&#8221;1\/3&#8243;][vc_single_image image=&#8221;1817&#8243; alignment=&#8221;right&#8221; onclick=&#8221;custom_link&#8221; img_link_target=&#8221;_blank&#8221; css=&#8221;&#8221; link=&#8221;https:\/\/wa.me\/5579998225572&#8243;][\/vc_column_inner][vc_column_inner width=&#8221;1\/3&#8243;][vc_raw_html css=&#8221;&#8221;]JTNDYSUyMGhyZWYlM0QlMjJodHRwcyUzQSUyRiUyRndhLm1lJTJGNTU3OTk5OTg1MzE0NSUzRnRleHQlM0RPbCVDMyVBMSUyQyUyNTIwZ29zdGFyaWElMjUyMGRlJTI1MjBtYWlzJTI1MjBpbmZvcm1hJUMzJUE3JUMzJUI1ZXMlMjElMjIlMjB0YXJnZXQlM0QlMjJfYmxhbmslMjIlM0VGYWxlJTIwQ29ub3NjbyUyMGUlMjBmYSVDMyVBN2ElMjBzZXUlMjBvciVDMyVBN2FtZW50byUyMHZpYSUyMFdoYXRzQXBwJTIwJTNDJTJGYSUzRQ==[\/vc_raw_html][\/vc_column_inner][vc_column_inner width=&#8221;1\/3&#8243;][\/vc_column_inner][\/vc_row_inner]\t\t\t<\/div>\n\t\t<\/div>\n\t\t[\/vc_column][\/vc_row][vc_row][vc_column][vc_raw_html]JTNDc3R5bGUlM0UlMEEuc2luZ2xlX3ByaWNpbmdfdGFibGUtLTQlMjAucHRfaGVhZGVyJTIwaDIlMjAlN0IlMEFmb250LXNpemUlM0ElMjAyMHB4JTNCJTBBJTBBJTdEJTBBJTBBJTNDJTJGc3R5bGUlM0U=[\/vc_raw_html][\/vc_column][\/vc_row]<\/p>\n<\/div>","protected":false},"excerpt":{"rendered":"<p>[vc_row][vc_column][\/vc_column][\/vc_row][vc_row][vc_column][vc_raw_html]JTNDc3R5bGUlM0UlMEEuc2luZ2xlX3ByaWNpbmdfdGFibGUtLTQlMjAucHRfaGVhZGVyJTIwaDIlMjAlN0IlMEFmb250LXNpemUlM0ElMjAyMHB4JTNCJTBBJTBBJTdEJTBBJTBBJTNDJTJGc3R5bGUlM0U=[\/vc_raw_html][\/vc_column][\/vc_row]<\/p>\n","protected":false},"author":2,"featured_media":0,"parent":0,"menu_order":0,"comment_status":"closed","ping_status":"closed","template":"template-builder.php","meta":{"_monsterinsights_skip_tracking":false,"_monsterinsights_sitenote_active":false,"_monsterinsights_sitenote_note":"","_monsterinsights_sitenote_category":0,"footnotes":""},"class_list":["post-14","page","type-page","status-publish","hentry"],"aioseo_notices":[],"_links":{"self":[{"href":"https:\/\/cloud.infonet.com.br\/index.php\/wp-json\/wp\/v2\/pages\/14","targetHints":{"allow":["GET"]}}],"collection":[{"href":"https:\/\/cloud.infonet.com.br\/index.php\/wp-json\/wp\/v2\/pages"}],"about":[{"href":"https:\/\/cloud.infonet.com.br\/index.php\/wp-json\/wp\/v2\/types\/page"}],"author":[{"embeddable":true,"href":"https:\/\/cloud.infonet.com.br\/index.php\/wp-json\/wp\/v2\/users\/2"}],"replies":[{"embeddable":true,"href":"https:\/\/cloud.infonet.com.br\/index.php\/wp-json\/wp\/v2\/comments?post=14"}],"version-history":[{"count":69,"href":"https:\/\/cloud.infonet.com.br\/index.php\/wp-json\/wp\/v2\/pages\/14\/revisions"}],"predecessor-version":[{"id":1900,"href":"https:\/\/cloud.infonet.com.br\/index.php\/wp-json\/wp\/v2\/pages\/14\/revisions\/1900"}],"wp:attachment":[{"href":"https:\/\/cloud.infonet.com.br\/index.php\/wp-json\/wp\/v2\/media?parent=14"}],"curies":[{"name":"wp","href":"https:\/\/api.w.org\/{rel}","templated":true}]}}